{"id":21882,"date":"2024-05-27T08:53:57","date_gmt":"2024-05-27T08:53:57","guid":{"rendered":"https:\/\/skarlet.ai\/contact\/"},"modified":"2025-03-21T14:32:46","modified_gmt":"2025-03-21T14:32:46","slug":"contact","status":"publish","type":"page","link":"https:\/\/skarlet.ai\/en\/contact\/","title":{"rendered":"Contact"},"content":{"rendered":"\t\t<div data-elementor-type=\"wp-page\" data-elementor-id=\"21882\" class=\"elementor elementor-21882 elementor-15154\">\n\t\t\t\t<div class=\"elementor-element elementor-element-6cf8f30 e-flex e-con-boxed e-con e-parent\" data-id=\"6cf8f30\" data-element_type=\"container\" data-settings=\"{&quot;background_background&quot;:&quot;classic&quot;,&quot;wcf_enable_cursor_hover_effect_text&quot;:&quot;View&quot;,&quot;wcf-animation&quot;:&quot;none&quot;}\">\n\t\t\t\t\t<div class=\"e-con-inner\">\n\t\t<div class=\"elementor-element elementor-element-00827bb e-con-full e-flex e-con e-child\" data-id=\"00827bb\" data-element_type=\"container\" data-settings=\"{&quot;wcf_enable_cursor_hover_effect_text&quot;:&quot;View&quot;,&quot;wcf-animation&quot;:&quot;none&quot;}\">\n\t\t\t\t<div class=\"elementor-element elementor-element-cf5fcc2 elementor-widget__width-initial elementor-widget-mobile__width-inherit wcf-t-animation-none elementor-widget elementor-widget-wcf--title\" data-id=\"cf5fcc2\" data-element_type=\"widget\" data-settings=\"{&quot;wcf-animation&quot;:&quot;fade&quot;,&quot;data-duration&quot;:0.75,&quot;fade-offset&quot;:40,&quot;wcf_text_animation&quot;:&quot;none&quot;,&quot;delay&quot;:0.15,&quot;fade-from&quot;:&quot;bottom&quot;,&quot;ease&quot;:&quot;power2.out&quot;}\" data-widget_type=\"wcf--title.default\">\n\t\t\t\t<div class=\"elementor-widget-container\">\n\t\t\t\t\t<h2 class=\"wcf--title\">Contact us<\/h2>\t\t\t\t<\/div>\n\t\t\t\t<\/div>\n\t\t\t\t<\/div>\n\t\t\t\t\t<\/div>\n\t\t\t\t<\/div>\n\t\t<div class=\"elementor-element elementor-element-ed054a2 e-flex e-con-boxed e-con e-parent\" data-id=\"ed054a2\" data-element_type=\"container\" data-settings=\"{&quot;wcf_enable_cursor_hover_effect_text&quot;:&quot;View&quot;,&quot;background_background&quot;:&quot;classic&quot;,&quot;wcf-animation&quot;:&quot;none&quot;}\">\n\t\t\t\t\t<div class=\"e-con-inner\">\n\t\t<div class=\"elementor-element elementor-element-f6dbe2a e-con-full e-flex e-con e-child\" data-id=\"f6dbe2a\" data-element_type=\"container\" data-settings=\"{&quot;wcf_enable_cursor_hover_effect_text&quot;:&quot;View&quot;,&quot;wcf-animation&quot;:&quot;none&quot;}\">\n\t\t\t\t<div class=\"elementor-element elementor-element-ae3d80b wcf-t-animation-none elementor-widget elementor-widget-wcf--text\" data-id=\"ae3d80b\" data-element_type=\"widget\" data-settings=\"{&quot;wcf-animation&quot;:&quot;fade&quot;,&quot;data-duration&quot;:0.75,&quot;fade-offset&quot;:40,&quot;wcf_text_animation&quot;:&quot;none&quot;,&quot;delay&quot;:0.15,&quot;on-scroll&quot;:1,&quot;fade-from&quot;:&quot;bottom&quot;,&quot;ease&quot;:&quot;power2.out&quot;}\" data-widget_type=\"wcf--text.default\">\n\t\t\t\t<div class=\"elementor-widget-container\">\n\t\t\t\t\t<div class=\"wcf--text\"><p>comercial@skarlet.ai<\/p><\/div>\t\t\t\t<\/div>\n\t\t\t\t<\/div>\n\t\t\t\t<div class=\"elementor-element elementor-element-c6a8715 elementor-widget__width-initial wcf-t-animation-none elementor-widget elementor-widget-wcf--text\" data-id=\"c6a8715\" data-element_type=\"widget\" data-settings=\"{&quot;wcf-animation&quot;:&quot;fade&quot;,&quot;data-duration&quot;:0.75,&quot;fade-offset&quot;:40,&quot;wcf_text_animation&quot;:&quot;none&quot;,&quot;delay&quot;:0.15,&quot;on-scroll&quot;:1,&quot;fade-from&quot;:&quot;bottom&quot;,&quot;ease&quot;:&quot;power2.out&quot;}\" data-widget_type=\"wcf--text.default\">\n\t\t\t\t<div class=\"elementor-widget-container\">\n\t\t\t\t\t<div class=\"wcf--text\"><p>Cra 52a # 123b-28 of 702.<br \/>Bogota. Colombia.<\/p><p>Tel: 571 3785565<\/p><\/div>\t\t\t\t<\/div>\n\t\t\t\t<\/div>\n\t\t\t\t<\/div>\n\t\t<div class=\"elementor-element elementor-element-ea0a63b e-con-full e-flex e-con e-child\" data-id=\"ea0a63b\" data-element_type=\"container\" data-settings=\"{&quot;wcf_enable_cursor_hover_effect_text&quot;:&quot;View&quot;,&quot;wcf-animation&quot;:&quot;none&quot;}\">\n\t\t\t\t<div class=\"elementor-element elementor-element-322fc70 icon-position-after elementor-widget elementor-widget-wcf--contact-form-7\" data-id=\"322fc70\" data-element_type=\"widget\" data-settings=\"{&quot;wcf-animation&quot;:&quot;fade&quot;,&quot;data-duration&quot;:0.75,&quot;fade-offset&quot;:40,&quot;delay&quot;:0.15,&quot;on-scroll&quot;:1,&quot;fade-from&quot;:&quot;bottom&quot;,&quot;ease&quot;:&quot;power2.out&quot;}\" data-widget_type=\"wcf--contact-form-7.default\">\n\t\t\t\t<div class=\"elementor-widget-container\">\n\t\t\t\t\t            <style>\r\n               .wcf--form-wrapper form label {\r\n                   display: block;\r\n               }\r\n            <\/style>\r\n\t\t<div class=\"wcf--form-wrapper\" btn-hover=\"btn-hover-cross\" >\r\n\t\t\t\n<div class=\"wpcf7 no-js\" id=\"wpcf7-f21956-o1\" lang=\"en-US\" dir=\"ltr\" data-wpcf7-id=\"21956\">\n<div class=\"screen-reader-response\"><p role=\"status\" aria-live=\"polite\" aria-atomic=\"true\"><\/p> <ul><\/ul><\/div>\n<form action=\"\/en\/wp-json\/wp\/v2\/pages\/21882#wpcf7-f21956-o1\" method=\"post\" class=\"wpcf7-form init\" aria-label=\"Contact form\" novalidate=\"novalidate\" data-status=\"init\">\n<div style=\"display: none;\">\n<input type=\"hidden\" name=\"_wpcf7\" value=\"21956\" \/>\n<input type=\"hidden\" name=\"_wpcf7_version\" value=\"6.0.6\" \/>\n<input type=\"hidden\" name=\"_wpcf7_locale\" value=\"en_US\" \/>\n<input type=\"hidden\" name=\"_wpcf7_unit_tag\" value=\"wpcf7-f21956-o1\" \/>\n<input type=\"hidden\" name=\"_wpcf7_container_post\" value=\"0\" \/>\n<input type=\"hidden\" name=\"_wpcf7_posted_data_hash\" value=\"\" \/>\n<\/div>\n<p><label> Your Name<br \/>\n<span class=\"wpcf7-form-control-wrap\" data-name=\"your-name\"><input size=\"40\" maxlength=\"400\" class=\"wpcf7-form-control wpcf7-text wpcf7-validates-as-required\" autocomplete=\"name\" aria-required=\"true\" aria-invalid=\"false\" value=\"\" type=\"text\" name=\"your-name\" \/><\/span> <\/label>\n<\/p>\n<p><label> Your Email<br \/>\n<span class=\"wpcf7-form-control-wrap\" data-name=\"your-email\"><input size=\"40\" maxlength=\"400\" class=\"wpcf7-form-control wpcf7-email wpcf7-validates-as-required wpcf7-text wpcf7-validates-as-email\" autocomplete=\"email\" aria-required=\"true\" aria-invalid=\"false\" value=\"\" type=\"email\" name=\"your-email\" \/><\/span> <\/label>\n<\/p>\n<p><label> Subject<br \/>\n<span class=\"wpcf7-form-control-wrap\" data-name=\"your-subject\"><input size=\"40\" maxlength=\"400\" class=\"wpcf7-form-control wpcf7-text wpcf7-validates-as-required\" aria-required=\"true\" aria-invalid=\"false\" value=\"\" type=\"text\" name=\"your-subject\" \/><\/span> <\/label>\n<\/p>\n<p><label> Message<br \/>\n<span class=\"wpcf7-form-control-wrap\" data-name=\"your-message\"><textarea cols=\"40\" rows=\"10\" maxlength=\"2000\" class=\"wpcf7-form-control wpcf7-textarea\" aria-invalid=\"false\" name=\"your-message\"><\/textarea><\/span> <\/label>\n<\/p>\n<p><input class=\"wpcf7-form-control wpcf7-submit has-spinner\" type=\"submit\" value=\"Send\" \/>\n<\/p><div class=\"wpcf7-response-output\" aria-hidden=\"true\"><\/div>\n<\/form>\n<\/div>\n            <div class=\"btn-icon elementor-screen-only\">\r\n\t                        <\/div>\r\n\t\t<\/div>\r\n\r\n\t\t\t\t\t\t<\/div>\n\t\t\t\t<\/div>\n\t\t\t\t<\/div>\n\t\t\t\t\t<\/div>\n\t\t\t\t<\/div>\n\t\t\t\t<\/div>\n\t\t","protected":false},"excerpt":{"rendered":"<p>Contact us comercial@skarlet.ai Cra 52a # 123b-28 of 702.Bogota. Colombia. Tel: 571 3785565 Your Name Your Email Subject Message<\/p>\n","protected":false},"author":1,"featured_media":0,"parent":0,"menu_order":0,"comment_status":"closed","ping_status":"closed","template":"elementor_header_footer","meta":{"footnotes":""},"class_list":["post-21882","page","type-page","status-publish","hentry"],"yoast_head":"<!-- This site is optimized with the Yoast SEO plugin v24.9 - https:\/\/yoast.com\/wordpress\/plugins\/seo\/ -->\n<title>Contact - Skarlet.AI Contact Anywhere<\/title>\n<meta name=\"robots\" content=\"index, follow, max-snippet:-1, max-image-preview:large, max-video-preview:-1\" \/>\n<link rel=\"canonical\" href=\"https:\/\/skarlet.ai\/en\/contact\/\" \/>\n<meta property=\"og:locale\" content=\"en_US\" \/>\n<meta property=\"og:type\" content=\"article\" \/>\n<meta property=\"og:title\" content=\"Contact - Skarlet.AI Contact Anywhere\" \/>\n<meta property=\"og:description\" content=\"Contact us comercial@skarlet.ai Cra 52a # 123b-28 of 702.Bogota. Colombia. Tel: 571 3785565 Your Name Your Email Subject Message\" \/>\n<meta property=\"og:url\" content=\"https:\/\/skarlet.ai\/en\/contact\/\" \/>\n<meta property=\"og:site_name\" content=\"Skarlet.AI Contact Anywhere\" \/>\n<meta property=\"article:modified_time\" content=\"2025-03-21T14:32:46+00:00\" \/>\n<meta property=\"og:image\" content=\"https:\/\/skarlet.ai\/wp-content\/uploads\/2024\/06\/imnichannel-588-x-270-px-788-x-470-px.png\" \/>\n<meta name=\"twitter:card\" content=\"summary_large_image\" \/>\n<meta name=\"twitter:label1\" content=\"Est. reading time\" \/>\n\t<meta name=\"twitter:data1\" content=\"1 minute\" \/>\n<script type=\"application\/ld+json\" class=\"yoast-schema-graph\">{\"@context\":\"https:\/\/schema.org\",\"@graph\":[{\"@type\":\"WebPage\",\"@id\":\"https:\/\/skarlet.ai\/en\/contact\/\",\"url\":\"https:\/\/skarlet.ai\/en\/contact\/\",\"name\":\"Contact - Skarlet.AI Contact Anywhere\",\"isPartOf\":{\"@id\":\"https:\/\/skarlet.ai\/en\/#website\"},\"datePublished\":\"2024-05-27T08:53:57+00:00\",\"dateModified\":\"2025-03-21T14:32:46+00:00\",\"breadcrumb\":{\"@id\":\"https:\/\/skarlet.ai\/en\/contact\/#breadcrumb\"},\"inLanguage\":\"en-US\",\"potentialAction\":[{\"@type\":\"ReadAction\",\"target\":[\"https:\/\/skarlet.ai\/en\/contact\/\"]}]},{\"@type\":\"BreadcrumbList\",\"@id\":\"https:\/\/skarlet.ai\/en\/contact\/#breadcrumb\",\"itemListElement\":[{\"@type\":\"ListItem\",\"position\":1,\"name\":\"Portada\",\"item\":\"https:\/\/skarlet.ai\/en\/ai-software\/\"},{\"@type\":\"ListItem\",\"position\":2,\"name\":\"Contact\"}]},{\"@type\":\"WebSite\",\"@id\":\"https:\/\/skarlet.ai\/en\/#website\",\"url\":\"https:\/\/skarlet.ai\/en\/\",\"name\":\"Skarlet.AI Contact Anywhere\",\"description\":\"Potencia tus comunicaciones y marketing con la soluci\u00f3n Omnicanal m\u00e1s Inteligente. Gesti\u00f3n de llamadas, chats, SMS o correos en una sola plataforma no-code con IA integrada\",\"publisher\":{\"@id\":\"https:\/\/skarlet.ai\/en\/#organization\"},\"potentialAction\":[{\"@type\":\"SearchAction\",\"target\":{\"@type\":\"EntryPoint\",\"urlTemplate\":\"https:\/\/skarlet.ai\/en\/?s={search_term_string}\"},\"query-input\":{\"@type\":\"PropertyValueSpecification\",\"valueRequired\":true,\"valueName\":\"search_term_string\"}}],\"inLanguage\":\"en-US\"},{\"@type\":\"Organization\",\"@id\":\"https:\/\/skarlet.ai\/en\/#organization\",\"name\":\"Skarlet.AI Contact Anywhere\",\"url\":\"https:\/\/skarlet.ai\/en\/\",\"logo\":{\"@type\":\"ImageObject\",\"inLanguage\":\"en-US\",\"@id\":\"https:\/\/skarlet.ai\/en\/#\/schema\/logo\/image\/\",\"url\":\"https:\/\/skarlet.ai\/wp-content\/uploads\/2024\/06\/BotonKpitla-Photoroom.png\",\"contentUrl\":\"https:\/\/skarlet.ai\/wp-content\/uploads\/2024\/06\/BotonKpitla-Photoroom.png\",\"width\":100,\"height\":100,\"caption\":\"Skarlet.AI Contact Anywhere\"},\"image\":{\"@id\":\"https:\/\/skarlet.ai\/en\/#\/schema\/logo\/image\/\"}}]}<\/script>\n<!-- \/ Yoast SEO plugin. -->","yoast_head_json":{"title":"Contact - Skarlet.AI Contact Anywhere","robots":{"index":"index","follow":"follow","max-snippet":"max-snippet:-1","max-image-preview":"max-image-preview:large","max-video-preview":"max-video-preview:-1"},"canonical":"https:\/\/skarlet.ai\/en\/contact\/","og_locale":"en_US","og_type":"article","og_title":"Contact - Skarlet.AI Contact Anywhere","og_description":"Contact us comercial@skarlet.ai Cra 52a # 123b-28 of 702.Bogota. Colombia. Tel: 571 3785565 Your Name Your Email Subject Message","og_url":"https:\/\/skarlet.ai\/en\/contact\/","og_site_name":"Skarlet.AI Contact Anywhere","article_modified_time":"2025-03-21T14:32:46+00:00","og_image":[{"url":"https:\/\/skarlet.ai\/wp-content\/uploads\/2024\/06\/imnichannel-588-x-270-px-788-x-470-px.png","type":"","width":"","height":""}],"twitter_card":"summary_large_image","twitter_misc":{"Est. reading time":"1 minute"},"schema":{"@context":"https:\/\/schema.org","@graph":[{"@type":"WebPage","@id":"https:\/\/skarlet.ai\/en\/contact\/","url":"https:\/\/skarlet.ai\/en\/contact\/","name":"Contact - Skarlet.AI Contact Anywhere","isPartOf":{"@id":"https:\/\/skarlet.ai\/en\/#website"},"datePublished":"2024-05-27T08:53:57+00:00","dateModified":"2025-03-21T14:32:46+00:00","breadcrumb":{"@id":"https:\/\/skarlet.ai\/en\/contact\/#breadcrumb"},"inLanguage":"en-US","potentialAction":[{"@type":"ReadAction","target":["https:\/\/skarlet.ai\/en\/contact\/"]}]},{"@type":"BreadcrumbList","@id":"https:\/\/skarlet.ai\/en\/contact\/#breadcrumb","itemListElement":[{"@type":"ListItem","position":1,"name":"Portada","item":"https:\/\/skarlet.ai\/en\/ai-software\/"},{"@type":"ListItem","position":2,"name":"Contact"}]},{"@type":"WebSite","@id":"https:\/\/skarlet.ai\/en\/#website","url":"https:\/\/skarlet.ai\/en\/","name":"Skarlet.AI Contact Anywhere","description":"Potencia tus comunicaciones y marketing con la soluci\u00f3n Omnicanal m\u00e1s Inteligente. Gesti\u00f3n de llamadas, chats, SMS o correos en una sola plataforma no-code con IA integrada","publisher":{"@id":"https:\/\/skarlet.ai\/en\/#organization"},"potentialAction":[{"@type":"SearchAction","target":{"@type":"EntryPoint","urlTemplate":"https:\/\/skarlet.ai\/en\/?s={search_term_string}"},"query-input":{"@type":"PropertyValueSpecification","valueRequired":true,"valueName":"search_term_string"}}],"inLanguage":"en-US"},{"@type":"Organization","@id":"https:\/\/skarlet.ai\/en\/#organization","name":"Skarlet.AI Contact Anywhere","url":"https:\/\/skarlet.ai\/en\/","logo":{"@type":"ImageObject","inLanguage":"en-US","@id":"https:\/\/skarlet.ai\/en\/#\/schema\/logo\/image\/","url":"https:\/\/skarlet.ai\/wp-content\/uploads\/2024\/06\/BotonKpitla-Photoroom.png","contentUrl":"https:\/\/skarlet.ai\/wp-content\/uploads\/2024\/06\/BotonKpitla-Photoroom.png","width":100,"height":100,"caption":"Skarlet.AI Contact Anywhere"},"image":{"@id":"https:\/\/skarlet.ai\/en\/#\/schema\/logo\/image\/"}}]}},"_links":{"self":[{"href":"https:\/\/skarlet.ai\/en\/wp-json\/wp\/v2\/pages\/21882","targetHints":{"allow":["GET"]}}],"collection":[{"href":"https:\/\/skarlet.ai\/en\/wp-json\/wp\/v2\/pages"}],"about":[{"href":"https:\/\/skarlet.ai\/en\/wp-json\/wp\/v2\/types\/page"}],"author":[{"embeddable":true,"href":"https:\/\/skarlet.ai\/en\/wp-json\/wp\/v2\/users\/1"}],"replies":[{"embeddable":true,"href":"https:\/\/skarlet.ai\/en\/wp-json\/wp\/v2\/comments?post=21882"}],"version-history":[{"count":16,"href":"https:\/\/skarlet.ai\/en\/wp-json\/wp\/v2\/pages\/21882\/revisions"}],"predecessor-version":[{"id":21969,"href":"https:\/\/skarlet.ai\/en\/wp-json\/wp\/v2\/pages\/21882\/revisions\/21969"}],"wp:attachment":[{"href":"https:\/\/skarlet.ai\/en\/wp-json\/wp\/v2\/media?parent=21882"}],"curies":[{"name":"wp","href":"https:\/\/api.w.org\/{rel}","templated":true}]}}